{"id":427,"date":"2023-04-20T14:45:28","date_gmt":"2023-04-20T14:45:28","guid":{"rendered":"https:\/\/baskasetur.is\/baskasetur-islands-djupavik\/"},"modified":"2023-12-13T14:22:55","modified_gmt":"2023-12-13T14:22:55","slug":"baskasetur-islands-djupavik","status":"publish","type":"page","link":"https:\/\/baskasetur.is\/is\/","title":{"rendered":"Baskasetur \u00cdslands &#8211; Dj\u00fapav\u00edk"},"content":{"rendered":"\n<h1>\n\t\tIcelandic Basque Centre\n\t<\/h1>\n\t<p>In 1934, construction began on a herring factory In Dj\u00fapav\u00edk and just a year later, on July 7, 1935, it started producing both herring meal and fish oil. The fishing was very good and the factory ground gold. When the herring factory was fully built, it was by far the largest concrete building in Iceland. Even today it is considered huge, 90 meters long on 3 floors.<\/p>\n\t\t\t\t<img loading=\"lazy\" decoding=\"async\" src=\"https:\/\/baskasetur.is\/wp-content\/uploads\/2023\/04\/Baskasetur-mynd-6.jpg\" alt=\"Baskasetur-mynd-6\" itemprop=\"image\" height=\"951\" width=\"1024\" title=\"Baskasetur-mynd-6\" onerror=\"this.style.display='none'\" srcset=\"https:\/\/baskasetur.is\/wp-content\/uploads\/2023\/04\/Baskasetur-mynd-6.jpg 1024w, https:\/\/baskasetur.is\/wp-content\/uploads\/2023\/04\/Baskasetur-mynd-6-300x279.jpg 300w, https:\/\/baskasetur.is\/wp-content\/uploads\/2023\/04\/Baskasetur-mynd-6-768x713.jpg 768w\" sizes=\"auto, (max-width: 1024px) 100vw, 1024px\" \/>\n\t\t\t<h3>The herring factory in Dj\u00fapav\u00edk<\/h3>\t\t\t\n\t\t\t\t<p>In 1934, construction began on a herring factory In Dj\u00fapav\u00edk and just a year later, on July 7, 1935, it started producing both herring meal and fish oil. The fishing was very good and the factory ground gold. When the herring factory was fully built, it was by far the largest concrete building in Iceland. Even today it is considered huge, 90 meters long on 3 floors.<\/p>\n\t\t\t<h3>Dj\u00fapav\u00edk and other exhibition activities<\/h3>\t\t\t\n\t\t\t\t<p>The old herring factory has a history exhibition about the time of the herring processing but part of the factory is also used for art exhibitions. Powerful art activities in the factory and ambitious history exhibitions in the factory and the tank rhyme very well together and give great potential for future development. It can be said that all the old herring factories will be given a new role and will be restarted.<\/p>\n\t\t\t\t<img loading=\"lazy\" decoding=\"async\" src=\"https:\/\/baskasetur.is\/wp-content\/uploads\/2023\/04\/Baskasetur-mynd-4-Syning.jpg\" alt=\"Baskasetur-mynd-4-Syning\" itemprop=\"image\" height=\"991\" width=\"1024\" title=\"Baskasetur-mynd-4-Syning\" onerror=\"this.style.display='none'\" srcset=\"https:\/\/baskasetur.is\/wp-content\/uploads\/2023\/04\/Baskasetur-mynd-4-Syning.jpg 1024w, https:\/\/baskasetur.is\/wp-content\/uploads\/2023\/04\/Baskasetur-mynd-4-Syning-300x290.jpg 300w, https:\/\/baskasetur.is\/wp-content\/uploads\/2023\/04\/Baskasetur-mynd-4-Syning-768x743.jpg 768w\" sizes=\"auto, (max-width: 1024px) 100vw, 1024px\" \/>\n\n","protected":false},"excerpt":{"rendered":"<p>Icelandic Basque Centre In 1934, construction began on a herring factory In Dj\u00fapav\u00edk and just a year later, on July 7, 1935, it started producing both herring meal and fish oil. The fishing was very good and the factory ground gold. When the herring factory was fully built, it was by far the largest concrete [&hellip;]<\/p>\n","protected":false},"author":1,"featured_media":105,"parent":0,"menu_order":0,"comment_status":"closed","ping_status":"closed","template":"","meta":{"site-sidebar-layout":"default","site-content-layout":"","ast-site-content-layout":"default","site-content-style":"default","site-sidebar-style":"default","ast-global-header-display":"","ast-banner-title-visibility":"","ast-main-header-display":"","ast-hfb-above-header-display":"","ast-hfb-below-header-display":"","ast-hfb-mobile-header-display":"","site-post-title":"disabled","ast-breadcrumbs-content":"","ast-featured-img":"disabled","footer-sml-layout":"","ast-disable-related-posts":"","theme-transparent-header-meta":"","adv-header-id-meta":"","stick-header-meta":"","header-above-stick-meta":"","header-main-stick-meta":"","header-below-stick-meta":"","astra-migrate-meta-layouts":"default","ast-page-background-enabled":"default","ast-page-background-meta":{"desktop":{"background-color":"var(--ast-global-color-4)","background-image":"","background-repeat":"repeat","background-position":"center center","background-size":"auto","background-attachment":"scroll","background-type":"","background-media":"","overlay-type":"","overlay-color":"","overlay-opacity":"","overlay-gradient":""},"tablet":{"background-color":"","background-image":"","background-repeat":"repeat","background-position":"center center","background-size":"auto","background-attachment":"scroll","background-type":"","background-media":"","overlay-type":"","overlay-color":"","overlay-opacity":"","overlay-gradient":""},"mobile":{"background-color":"","background-image":"","background-repeat":"repeat","background-position":"center center","background-size":"auto","background-attachment":"scroll","background-type":"","background-media":"","overlay-type":"","overlay-color":"","overlay-opacity":"","overlay-gradient":""}},"ast-content-background-meta":{"desktop":{"background-color":"var(--ast-global-color-5)","background-image":"","background-repeat":"repeat","background-position":"center center","background-size":"auto","background-attachment":"scroll","background-type":"","background-media":"","overlay-type":"","overlay-color":"","overlay-opacity":"","overlay-gradient":""},"tablet":{"background-color":"var(--ast-global-color-5)","background-image":"","background-repeat":"repeat","background-position":"center center","background-size":"auto","background-attachment":"scroll","background-type":"","background-media":"","overlay-type":"","overlay-color":"","overlay-opacity":"","overlay-gradient":""},"mobile":{"background-color":"var(--ast-global-color-5)","background-image":"","background-repeat":"repeat","background-position":"center center","background-size":"auto","background-attachment":"scroll","background-type":"","background-media":"","overlay-type":"","overlay-color":"","overlay-opacity":"","overlay-gradient":""}},"footnotes":""},"class_list":["post-427","page","type-page","status-publish","has-post-thumbnail","hentry"],"_links":{"self":[{"href":"https:\/\/baskasetur.is\/is\/wp-json\/wp\/v2\/pages\/427","targetHints":{"allow":["GET"]}}],"collection":[{"href":"https:\/\/baskasetur.is\/is\/wp-json\/wp\/v2\/pages"}],"about":[{"href":"https:\/\/baskasetur.is\/is\/wp-json\/wp\/v2\/types\/page"}],"author":[{"embeddable":true,"href":"https:\/\/baskasetur.is\/is\/wp-json\/wp\/v2\/users\/1"}],"replies":[{"embeddable":true,"href":"https:\/\/baskasetur.is\/is\/wp-json\/wp\/v2\/comments?post=427"}],"version-history":[{"count":6,"href":"https:\/\/baskasetur.is\/is\/wp-json\/wp\/v2\/pages\/427\/revisions"}],"predecessor-version":[{"id":590,"href":"https:\/\/baskasetur.is\/is\/wp-json\/wp\/v2\/pages\/427\/revisions\/590"}],"wp:featuredmedia":[{"embeddable":true,"href":"https:\/\/baskasetur.is\/is\/wp-json\/wp\/v2\/media\/105"}],"wp:attachment":[{"href":"https:\/\/baskasetur.is\/is\/wp-json\/wp\/v2\/media?parent=427"}],"curies":[{"name":"wp","href":"https:\/\/api.w.org\/{rel}","templated":true}]}}